 {"id":228,"date":"2024-12-16T10:55:27","date_gmt":"2024-12-16T10:55:27","guid":{"rendered":"https:\/\/studiocrab.com\/?page_id=228"},"modified":"2026-02-05T16:04:01","modified_gmt":"2026-02-05T16:04:01","slug":"program-schedule","status":"publish","type":"page","link":"https:\/\/studiocrab.com\/index.php\/program-schedule\/","title":{"rendered":"Program"},"content":{"rendered":"<p>Studio Crab&#8217;de derslerimiz, t\u00fcm seviyelerdeki \u00f6\u011frencilere a\u00e7\u0131kt\u0131r. \u0130ster ba\u015flang\u0131\u00e7 seviyesinde olun, ister ileri d\u00fczeyde, herkes i\u00e7in uygun bir ortam sunuyoruz. BJJ&#8217; ye ilgi duyanlar, istedikleri bir g\u00fcn \u00fccretsiz deneme dersine kat\u0131larak akademimizi ve antrenmanlar\u0131m\u0131z\u0131 yak\u0131ndan tan\u0131ma f\u0131rsat\u0131 bulabilir. Yakla\u015f\u0131k 1,5 saat s\u00fcren bu dersler, hem teknik hem de pratik bilgiler i\u00e7eren kapsaml\u0131 bir deneyim sunar.<strong><br \/>\nG\u00fcncel Ders Program\u0131m\u0131z\u0131 instagram sayfam\u0131zdan g\u00f6r\u00fcnt\u00fcleyebilirsiniz.<\/strong><\/p>\n","protected":false},"excerpt":{"rendered":"<p>Studio Crab&#8217;de derslerimiz, t\u00fcm seviyelerdeki \u00f6\u011frencilere a\u00e7\u0131kt\u0131r. \u0130ster ba\u015flang\u0131\u00e7 seviyesinde olun, ister ileri d\u00fczeyde, herkes i\u00e7in uygun bir ortam sunuyoruz. BJJ&#8217; ye ilgi duyanlar, istedikleri bir g\u00fcn \u00fccretsiz deneme dersine kat\u0131larak akademimizi ve antrenmanlar\u0131m\u0131z\u0131 yak\u0131ndan tan\u0131ma f\u0131rsat\u0131 bulabilir. Yakla\u015f\u0131k 1,5 saat s\u00fcren bu dersler, hem teknik hem de pratik bilgiler i\u00e7eren kapsaml\u0131 bir deneyim sunar.<\/p>\n","protected":false},"author":1,"featured_media":0,"parent":0,"menu_order":0,"comment_status":"closed","ping_status":"closed","template":"","meta":[],"aioseo_notices":[],"_links":{"self":[{"href":"https:\/\/studiocrab.com\/index.php\/wp-json\/wp\/v2\/pages\/228"}],"collection":[{"href":"https:\/\/studiocrab.com\/index.php\/wp-json\/wp\/v2\/pages"}],"about":[{"href":"https:\/\/studiocrab.com\/index.php\/wp-json\/wp\/v2\/types\/page"}],"author":[{"embeddable":true,"href":"https:\/\/studiocrab.com\/index.php\/wp-json\/wp\/v2\/users\/1"}],"replies":[{"embeddable":true,"href":"https:\/\/studiocrab.com\/index.php\/wp-json\/wp\/v2\/comments?post=228"}],"version-history":[{"count":5,"href":"https:\/\/studiocrab.com\/index.php\/wp-json\/wp\/v2\/pages\/228\/revisions"}],"predecessor-version":[{"id":331,"href":"https:\/\/studiocrab.com\/index.php\/wp-json\/wp\/v2\/pages\/228\/revisions\/331"}],"wp:attachment":[{"href":"https:\/\/studiocrab.com\/index.php\/wp-json\/wp\/v2\/media?parent=228"}],"curies":[{"name":"wp","href":"https:\/\/api.w.org\/{rel}","templated":true}]}}