 {"id":230,"date":"2024-12-16T10:56:31","date_gmt":"2024-12-16T10:56:31","guid":{"rendered":"https:\/\/studiocrab.com\/?page_id=230"},"modified":"2024-12-18T21:24:23","modified_gmt":"2024-12-18T21:24:23","slug":"egitmenlerimiz","status":"publish","type":"page","link":"https:\/\/studiocrab.com\/index.php\/egitmenlerimiz\/","title":{"rendered":"E\u011fitmenler"},"content":{"rendered":"<p><img loading=\"lazy\" class=\"alignnone size-medium wp-image-248\" src=\"https:\/\/studiocrab.com\/wp-content\/uploads\/2024\/12\/Adsiz-tasarimfgrtgt-212x300.jpg\" alt=\"\" width=\"212\" height=\"300\" srcset=\"https:\/\/studiocrab.com\/wp-content\/uploads\/2024\/12\/Adsiz-tasarimfgrtgt-212x300.jpg 212w, https:\/\/studiocrab.com\/wp-content\/uploads\/2024\/12\/Adsiz-tasarimfgrtgt-724x1024.jpg 724w, https:\/\/studiocrab.com\/wp-content\/uploads\/2024\/12\/Adsiz-tasarimfgrtgt-768x1086.jpg 768w, https:\/\/studiocrab.com\/wp-content\/uploads\/2024\/12\/Adsiz-tasarimfgrtgt-1086x1536.jpg 1086w, https:\/\/studiocrab.com\/wp-content\/uploads\/2024\/12\/Adsiz-tasarimfgrtgt-320x453.jpg 320w, https:\/\/studiocrab.com\/wp-content\/uploads\/2024\/12\/Adsiz-tasarimfgrtgt.jpg 1414w\" sizes=\"(max-width: 212px) 100vw, 212px\" \/><\/p>\n<p>&nbsp;<\/p>\n<p><strong>Mert Pazarl\u0131o\u011flu<\/strong><br \/>\n2009 y\u0131l\u0131nda Brezilya&#8217;n\u0131n Sorocaba \u015fehrinde jiujitsu yolculu\u011funa ba\u015flayan Mert Pazarl\u0131o\u011flu, 2022 y\u0131l\u0131nda <a href=\"https:\/\/www.sherdog.com\/fighter\/Yan-Cabral-27090\">Yan Cabral<\/a>&#8216;dan kahverengi ku\u015fa\u011f\u0131n\u0131 ald\u0131. Nogi BJJ&#8217;ye olan ilgisiyle modern jiujitsu tekniklerine odaklan\u0131rken, old school BJJ oyunlar\u0131n\u0131 da severek uyguluyor. Teknik detaylara verdi\u011fi \u00f6nemle \u00f6\u011frencilerine kapsaml\u0131 bir e\u011fitim sunuyor.<\/p>\n","protected":false},"excerpt":{"rendered":"<p>&nbsp; Mert Pazarl\u0131o\u011flu 2009 y\u0131l\u0131nda Brezilya&#8217;n\u0131n Sorocaba \u015fehrinde jiujitsu yolculu\u011funa ba\u015flayan Mert Pazarl\u0131o\u011flu, 2022 y\u0131l\u0131nda Yan Cabral&#8216;dan kahverengi ku\u015fa\u011f\u0131n\u0131 ald\u0131. Nogi BJJ&#8217;ye olan ilgisiyle modern jiujitsu tekniklerine odaklan\u0131rken, old school BJJ oyunlar\u0131n\u0131 da severek uyguluyor. Teknik detaylara verdi\u011fi \u00f6nemle \u00f6\u011frencilerine kapsaml\u0131 bir e\u011fitim sunuyor.<\/p>\n","protected":false},"author":1,"featured_media":0,"parent":0,"menu_order":0,"comment_status":"closed","ping_status":"closed","template":"","meta":[],"aioseo_notices":[],"_links":{"self":[{"href":"https:\/\/studiocrab.com\/index.php\/wp-json\/wp\/v2\/pages\/230"}],"collection":[{"href":"https:\/\/studiocrab.com\/index.php\/wp-json\/wp\/v2\/pages"}],"about":[{"href":"https:\/\/studiocrab.com\/index.php\/wp-json\/wp\/v2\/types\/page"}],"author":[{"embeddable":true,"href":"https:\/\/studiocrab.com\/index.php\/wp-json\/wp\/v2\/users\/1"}],"replies":[{"embeddable":true,"href":"https:\/\/studiocrab.com\/index.php\/wp-json\/wp\/v2\/comments?post=230"}],"version-history":[{"count":6,"href":"https:\/\/studiocrab.com\/index.php\/wp-json\/wp\/v2\/pages\/230\/revisions"}],"predecessor-version":[{"id":306,"href":"https:\/\/studiocrab.com\/index.php\/wp-json\/wp\/v2\/pages\/230\/revisions\/306"}],"wp:attachment":[{"href":"https:\/\/studiocrab.com\/index.php\/wp-json\/wp\/v2\/media?parent=230"}],"curies":[{"name":"wp","href":"https:\/\/api.w.org\/{rel}","templated":true}]}}