 {"id":28,"date":"2016-12-14T11:11:32","date_gmt":"2016-12-14T11:11:32","guid":{"rendered":"http:\/\/themes.uxbarn.com\/wp\/finnik-dummy\/?page_id=28"},"modified":"2024-12-16T16:02:27","modified_gmt":"2024-12-16T16:02:27","slug":"home","status":"publish","type":"page","link":"https:\/\/studiocrab.com\/","title":{"rendered":"Anasayfa"},"content":{"rendered":"<div class=\"flex-shrink-0 flex flex-col relative items-end\">\n<div>\n<div class=\"pt-0\">\n<div class=\"gizmo-bot-avatar flex h-8 w-8 items-center justify-center overflow-hidden rounded-full\">\n<div class=\"relative p-1 rounded-sm flex items-center justify-center bg-token-main-surface-primary text-token-text-primary h-8 w-8\"><\/div>\n<\/div>\n<\/div>\n<\/div>\n<\/div>\n<div class=\"group\/conversation-turn relative flex w-full min-w-0 flex-col agent-turn\">\n<div class=\"flex-col gap-1 md:gap-3\">\n<div class=\"flex max-w-full flex-col flex-grow\">\n<div class=\"min-h-8 text-message flex w-full flex-col items-end gap-2 whitespace-normal break-words text-start [.text-message+&amp;]:mt-5\" dir=\"auto\" data-message-author-role=\"assistant\" data-message-id=\"5d99b4c5-3d1c-4815-91be-5c08417035da\" data-message-model-slug=\"gpt-4o\">\n<div class=\"flex w-full flex-col gap-1 empty:hidden first:pt-[3px]\">\n<div class=\"markdown prose w-full break-words dark:prose-invert dark\">\n<p><strong>Hakk\u0131m\u0131zda<\/strong><br \/>\n2019 y\u0131l\u0131ndan bu yana G\u00fczelbah\u00e7e\u2019de faaliyet g\u00f6steren Studio Crab, Brezilya Jiu-Jitsu (BJJ) e\u011fitiminde uzmanla\u015fm\u0131\u015f bir akademidir. Barcelona merkezli uluslararas\u0131 <strong><a href=\"https:\/\/www.aranhabarcelona.com\/\">Aranha<\/a> Tak\u0131m\u0131<\/strong>\u2019na ba\u011fl\u0131 olan Studio Crab, bu alanda kendini geli\u015ftirmek isteyen herkese dostane bir ortamda kapsaml\u0131 e\u011fitim sunmaktad\u0131r.<\/p>\n<p><img loading=\"lazy\" class=\"alignnone wp-image-260\" src=\"https:\/\/studiocrab.com\/wp-content\/uploads\/2024\/12\/compp-300x108.png\" alt=\"\" width=\"386\" height=\"139\" srcset=\"https:\/\/studiocrab.com\/wp-content\/uploads\/2024\/12\/compp-300x108.png 300w, https:\/\/studiocrab.com\/wp-content\/uploads\/2024\/12\/compp-1024x369.png 1024w, https:\/\/studiocrab.com\/wp-content\/uploads\/2024\/12\/compp-768x277.png 768w, https:\/\/studiocrab.com\/wp-content\/uploads\/2024\/12\/compp-1536x554.png 1536w, https:\/\/studiocrab.com\/wp-content\/uploads\/2024\/12\/compp-320x115.png 320w, https:\/\/studiocrab.com\/wp-content\/uploads\/2024\/12\/compp.png 1920w\" sizes=\"(max-width: 386px) 100vw, 386px\" \/><\/p>\n<p>&nbsp;<\/p>\n<p><strong>Program<\/strong><br \/>\nStudio Crab&#8217;de derslerimiz, t\u00fcm seviyelerdeki \u00f6\u011frencilere a\u00e7\u0131kt\u0131r. \u0130ster ba\u015flang\u0131\u00e7 seviyesinde olun, ister ileri d\u00fczeyde, herkes i\u00e7in uygun bir ortam sunuyoruz. Jiujitsuya ilgi duyanlar, istedikleri bir g\u00fcn \u00fccretsiz deneme dersine kat\u0131larak akademimizi ve antrenmanlar\u0131m\u0131z\u0131 yak\u0131ndan tan\u0131ma f\u0131rsat\u0131 bulabilir. Yakla\u015f\u0131k 1,5 saat s\u00fcren bu dersler, hem teknik hem de pratik bilgiler i\u00e7eren kapsaml\u0131 bir deneyim sunar.<strong><br \/>\n<img loading=\"lazy\" class=\" wp-image-257 alignleft\" src=\"https:\/\/studiocrab.com\/wp-content\/uploads\/2024\/12\/XACDSCS-300x108.jpg\" alt=\"\" width=\"852\" height=\"307\" srcset=\"https:\/\/studiocrab.com\/wp-content\/uploads\/2024\/12\/XACDSCS-300x108.jpg 300w, https:\/\/studiocrab.com\/wp-content\/uploads\/2024\/12\/XACDSCS-1024x369.jpg 1024w, https:\/\/studiocrab.com\/wp-content\/uploads\/2024\/12\/XACDSCS-768x277.jpg 768w, https:\/\/studiocrab.com\/wp-content\/uploads\/2024\/12\/XACDSCS-320x115.jpg 320w, https:\/\/studiocrab.com\/wp-content\/uploads\/2024\/12\/XACDSCS.jpg 1280w\" sizes=\"(max-width: 852px) 100vw, 852px\" \/><\/strong><\/p>\n<p>&nbsp;<\/p>\n<\/div>\n<\/div>\n<\/div>\n<\/div>\n<\/div>\n<\/div>\n","protected":false},"excerpt":{"rendered":"<p>Hakk\u0131m\u0131zda 2019 y\u0131l\u0131ndan bu yana G\u00fczelbah\u00e7e\u2019de faaliyet g\u00f6steren Studio Crab, Brezilya Jiu-Jitsu (BJJ) e\u011fitiminde uzmanla\u015fm\u0131\u015f bir akademidir. Barcelona merkezli uluslararas\u0131 Aranha Tak\u0131m\u0131\u2019na ba\u011fl\u0131 olan Studio Crab, bu alanda kendini geli\u015ftirmek isteyen herkese dostane bir ortamda kapsaml\u0131 e\u011fitim sunmaktad\u0131r. &nbsp; Program Studio Crab&#8217;de derslerimiz, t\u00fcm seviyelerdeki \u00f6\u011frencilere a\u00e7\u0131kt\u0131r. \u0130ster ba\u015flang\u0131\u00e7 seviyesinde olun, ister ileri d\u00fczeyde, herkes<\/p>\n","protected":false},"author":1,"featured_media":0,"parent":0,"menu_order":0,"comment_status":"closed","ping_status":"closed","template":"","meta":[],"aioseo_notices":[],"_links":{"self":[{"href":"https:\/\/studiocrab.com\/index.php\/wp-json\/wp\/v2\/pages\/28"}],"collection":[{"href":"https:\/\/studiocrab.com\/index.php\/wp-json\/wp\/v2\/pages"}],"about":[{"href":"https:\/\/studiocrab.com\/index.php\/wp-json\/wp\/v2\/types\/page"}],"author":[{"embeddable":true,"href":"https:\/\/studiocrab.com\/index.php\/wp-json\/wp\/v2\/users\/1"}],"replies":[{"embeddable":true,"href":"https:\/\/studiocrab.com\/index.php\/wp-json\/wp\/v2\/comments?post=28"}],"version-history":[{"count":12,"href":"https:\/\/studiocrab.com\/index.php\/wp-json\/wp\/v2\/pages\/28\/revisions"}],"predecessor-version":[{"id":270,"href":"https:\/\/studiocrab.com\/index.php\/wp-json\/wp\/v2\/pages\/28\/revisions\/270"}],"wp:attachment":[{"href":"https:\/\/studiocrab.com\/index.php\/wp-json\/wp\/v2\/media?parent=28"}],"curies":[{"name":"wp","href":"https:\/\/api.w.org\/{rel}","templated":true}]}}