 {"id":320,"date":"2024-12-19T15:06:27","date_gmt":"2024-12-19T15:06:27","guid":{"rendered":"https:\/\/studiocrab.com\/?page_id=320"},"modified":"2026-02-05T16:05:26","modified_gmt":"2026-02-05T16:05:26","slug":"fiyatlar","status":"publish","type":"page","link":"https:\/\/studiocrab.com\/index.php\/fiyatlar\/","title":{"rendered":"Fiyatlar"},"content":{"rendered":"<p>G\u00fcncel Fiyatlar\u0131m\u0131z i\u00e7in instagram sayfam\u0131zdan (@studiocrabjj) bize ula\u015fabilirsiniz.<\/p>\n","protected":false},"excerpt":{"rendered":"<p>G\u00fcncel Fiyatlar\u0131m\u0131z i\u00e7in instagram sayfam\u0131zdan (@studiocrabjj) bize ula\u015fabilirsiniz.<\/p>\n","protected":false},"author":1,"featured_media":0,"parent":0,"menu_order":0,"comment_status":"closed","ping_status":"closed","template":"","meta":[],"aioseo_notices":[],"_links":{"self":[{"href":"https:\/\/studiocrab.com\/index.php\/wp-json\/wp\/v2\/pages\/320"}],"collection":[{"href":"https:\/\/studiocrab.com\/index.php\/wp-json\/wp\/v2\/pages"}],"about":[{"href":"https:\/\/studiocrab.com\/index.php\/wp-json\/wp\/v2\/types\/page"}],"author":[{"embeddable":true,"href":"https:\/\/studiocrab.com\/index.php\/wp-json\/wp\/v2\/users\/1"}],"replies":[{"embeddable":true,"href":"https:\/\/studiocrab.com\/index.php\/wp-json\/wp\/v2\/comments?post=320"}],"version-history":[{"count":5,"href":"https:\/\/studiocrab.com\/index.php\/wp-json\/wp\/v2\/pages\/320\/revisions"}],"predecessor-version":[{"id":332,"href":"https:\/\/studiocrab.com\/index.php\/wp-json\/wp\/v2\/pages\/320\/revisions\/332"}],"wp:attachment":[{"href":"https:\/\/studiocrab.com\/index.php\/wp-json\/wp\/v2\/media?parent=320"}],"curies":[{"name":"wp","href":"https:\/\/api.w.org\/{rel}","templated":true}]}}